{"id":262,"date":"2024-07-08T21:32:26","date_gmt":"2024-07-08T21:32:26","guid":{"rendered":"https:\/\/mileagevoyager.com\/?page_id=262"},"modified":"2025-09-05T14:43:12","modified_gmt":"2025-09-05T14:43:12","slug":"terms","status":"publish","type":"page","link":"https:\/\/mileagevoyager.com\/es\/terms\/","title":{"rendered":"Condiciones de uso"},"content":{"rendered":"<p><strong>Actualizado el 8 de julio de 2024.<\/strong><\/p>\n\n\n\n<p id=\"left_document_elt_0_1\">Mileage Voyager es un sitio web especializado en contenidos relacionados con viajes, que proporciona informaci\u00f3n detallada y an\u00e1lisis sobre una variedad de productos y servicios (como boletos, aplicaciones, agencias de viajes, entre otros).<\/p>\n\n\n\n<p id=\"left_document_elt_0_1\">Cuando utilizamos los t\u00e9rminos \u201cnosotros\u201d, \u201cnos\u201d y \u201cnuestro\u201d en estos T\u00e9rminos de uso, nos referimos a Mileage Voyager.<br><br>Estos T\u00e9rminos de uso deben leerse junto con nuestra Pol\u00edtica de privacidad, accesible en <a href=\"https:\/\/mileagevoyager.com\/es\/privacy\/\">https:\/\/mileagevoyager.com\/privacy<\/a>y cumplen con las normas legales vigentes.<\/p>\n\n\n\n<p id=\"left_document_elt_0_2\"><strong>Se recomienda a los usuarios que examinen detenidamente estos T\u00e9rminos de Uso, y si alguno de ellos no les resulta conforme, se recomienda abstenerse de utilizar nuestros servicios.<\/strong><\/p>\n\n\n\n<h2 class=\"wp-block-heading\" id=\"h-section-i-admission\">Secci\u00f3n I \u2013 Admisi\u00f3n <\/h2>\n\n\n\n<p><strong>1.1 <\/strong>Al utilizar los servicios de Mileage Voyager, el usuario acepta cumplir con los T\u00e9rminos y Condiciones de Uso, as\u00ed como la Pol\u00edtica de Privacidad asociada.<\/p>\n\n\n\n<p><strong>1.2 <\/strong>Los usuarios deber\u00e1n tener al menos 18 a\u00f1os y tener capacidad legal para aceptar plenamente estos T\u00e9rminos en todas sus implicaciones legales.<\/p>\n\n\n\n<p><strong>1.3 <\/strong>Los usuarios que no cumplan estos criterios deber\u00e1n abstenerse de acceder y\/o utilizar los servicios ofrecidos por Mileage Voyager, as\u00ed como los sitios web y servicios gestionados por \u00e9sta.<\/p>\n\n\n\n<h2 class=\"wp-block-heading\">Secci\u00f3n II \u2013 Contacto <\/h2>\n\n\n\n<p>Para aclarar dudas o resolver cuestiones relacionadas con nuestros servicios, los usuarios pueden hacerlo a trav\u00e9s del sitio web de Mileage Voyager, accesible en <a href=\"https:\/\/mileagevoyager.com\/es\/contact\/\">https:\/\/mileagevoyager.com\/contact\/<\/a>.<\/p>\n\n\n\n<h2 class=\"wp-block-heading\">Secci\u00f3n III \u2013 Obligaciones de las Partes <\/h2>\n\n\n\n<p><strong>3.1<\/strong> Aceptaci\u00f3n de t\u00e9rminos<\/p>\n\n\n\n<p>Al acceder al sitio web de Mileage Voyager, usted acepta los t\u00e9rminos y condiciones de uso establecidos aqu\u00ed. Si no acepta estas condiciones, le rogamos que no utilice el sitio.<\/p>\n\n\n\n<p><strong>3.2 <\/strong>Uso del sitio<\/p>\n\n\n\n<p>El sitio web de Mileage Voyager tiene como objetivo proporcionar informaci\u00f3n sobre viajes y turismo. Puede utilizar el sitio para buscar informaci\u00f3n sobre destinos, billetes, hoteles y otros servicios relacionados con los viajes.<\/p>\n\n\n\n<p><strong>3.3<\/strong> Responsabilidad<\/p>\n\n\n\n<p>Mileage Voyager no es responsable de da\u00f1os causados por virus o malware, mal uso del sitio o eventos de fuerza mayor.<\/p>\n\n\n\n<p><strong>3.4 <\/strong>Enlaces a sitios web de terceros<\/p>\n\n\n\n<p>En Mileage Voyager, puede encontrar enlaces a sitios web de terceros. Estos sitios no est\u00e1n controlados por Mileage Voyager y no somos responsables de sus pol\u00edticas, t\u00e9rminos de uso, informaci\u00f3n o transacciones.<\/p>\n\n\n\n<p><strong>3.5<\/strong> Informaci\u00f3n personal<\/p>\n\n\n\n<p>Mileage Voyager nunca le solicitar\u00e1 informaci\u00f3n personal o de registro por correo electr\u00f3nico. Si recibe un correo electr\u00f3nico en el que se le solicita dicha informaci\u00f3n, no responda e inf\u00f3rmeselo a Mileage Voyager.<\/p>\n\n\n\n<p><strong>3.6<\/strong> Contacto<\/p>\n\n\n\n<p>Si tiene alguna pregunta o queja sobre los t\u00e9rminos y condiciones de uso, por favor cont\u00e1ctenos a trav\u00e9s del formulario disponible en <a href=\"https:\/\/mileagevoyager.com\/es\/contact\/\">https:\/\/mileagevoyager.com\/contact\/<\/a>.<\/p>\n\n\n\n<h2 class=\"wp-block-heading\">Secci\u00f3n IV \u2013 Limitaciones y Condiciones de Uso de la Secci\u00f3n <\/h2>\n\n\n\n<p>Est\u00e1 estrictamente prohibido utilizar el sitio para:<\/p>\n\n\n\n<p>Actividades ilegales <\/p>\n\n\n\n<ul>\n<li>Violaci\u00f3n de derechos de autor; <\/li>\n\n\n\n<li>Acoso a otros usuarios;<\/li>\n\n\n\n<li>Difundir informaci\u00f3n err\u00f3nea; <\/li>\n\n\n\n<li>Propagaci\u00f3n de virus; <\/li>\n\n\n\n<li>Obtenci\u00f3n de informaci\u00f3n personal sin consentimiento; <\/li>\n\n\n\n<li>Promoci\u00f3n de spam; <\/li>\n\n\n\n<li>Actividades obscenas o inmorales que interfieran con las medidas de seguridad. <\/li>\n<\/ul>\n\n\n\n<p>En caso de violaci\u00f3n de estos t\u00e9rminos, el acceso del usuario al sitio podr\u00e1 ser suspendido o terminado.<\/p>\n\n\n\n<h2 class=\"wp-block-heading\">Secci\u00f3n V \u2013 Restricciones de responsabilidad y garant\u00edas<\/h2>\n\n\n\n<p>Mileage Voyager proporciona el Servicio \u201ctal como est\u00e1\u201d, sin garant\u00edas de continuidad, seguridad o precisi\u00f3n. El acceso al Servicio puede interrumpirse o interrumpirse en cualquier momento, sin previo aviso. No somos responsables de los da\u00f1os causados por el uso del Servicio, incluidos: <\/p>\n\n\n\n<ul>\n<li>P\u00e9rdida de beneficios; <\/li>\n\n\n\n<li>P\u00e9rdida de datos; <\/li>\n\n\n\n<li>Da\u00f1os intangibles, como da\u00f1os a la reputaci\u00f3n o a la imagen. <\/li>\n<\/ul>\n\n\n\n<p>Sin embargo, en algunas jurisdicciones, la legislaci\u00f3n puede no permitir la exclusi\u00f3n o limitaci\u00f3n de responsabilidad por da\u00f1os indirectos o incidentales. En estos casos, nuestra responsabilidad se limitar\u00e1 al m\u00e1ximo permitido por la legislaci\u00f3n local.<\/p>\n\n\n\n<h2 class=\"wp-block-heading\">Secci\u00f3n VI \u2013 Efecto y Plazo <\/h2>\n\n\n\n<p>Cualquier acci\u00f3n legal o administrativa relacionada con el uso de Mileage Voyager, tal y como se especifica en estos T\u00e9rminos y Condiciones de Uso Generales o en la Pol\u00edtica de Privacidad, deber\u00e1 iniciarse en un plazo de 90 d\u00edas. Estos T\u00e9rminos y Condiciones de Uso permanecer\u00e1n en vigor indefinidamente.<\/p>\n\n\n\n<h2 class=\"wp-block-heading\">Secci\u00f3n VII \u2013 Normas legales y tribunal designado<\/h2>\n\n\n\n<p><strong>7.1 <\/strong>La interpretaci\u00f3n conjunta de las condiciones de servicio y la pol\u00edtica de privacidad es esencial. Ambas se rigen por las leyes de Estonia, incluida la legislaci\u00f3n de la UE aplicable.<\/p>\n\n\n\n<p><strong>7.2<\/strong> En caso de disputas sobre la interpretaci\u00f3n o ejecuci\u00f3n de los t\u00e9rminos del servicio y la pol\u00edtica de privacidad, las partes acuerdan someterse a la jurisdicci\u00f3n exclusiva de los tribunales de Tallin, Estonia.<\/p>\n\n\n\n<h2 class=\"wp-block-heading\">Secci\u00f3n VIII \u2013 Materiales y derechos de propiedad intelectual <\/h2>\n\n\n\n<p><strong>8.1 <\/strong>Propiedad intelectual y material<\/p>\n\n\n\n<p id=\"left_document_elt_0_12\">El material de Mileage Voyager est\u00e1 protegido por derechos de autor y derechos de propiedad intelectual. Queda estrictamente prohibida cualquier reproducci\u00f3n, modificaci\u00f3n, distribuci\u00f3n, exhibici\u00f3n o creaci\u00f3n de obras derivadas sin la autorizaci\u00f3n previa de Mileage Voyager.<\/p>\n\n\n\n<p><strong>8.2 <\/strong>Responsabilidad<\/p>\n\n\n\n<p>Mileage Voyager no es responsable del contenido generado por terceros, como comentarios o publicaciones en foros o redes sociales. Tampoco es responsable de los da\u00f1os resultantes del uso del sitio, ya sean directos, indirectos, incidentales o consecuentes.<\/p>\n\n\n\n<p><strong>8.3 <\/strong>Violaciones<\/p>\n\n\n\n<p>Podemos eliminar contenido que infrinja estos t\u00e9rminos de uso, especialmente aquellos que se consideren ilegales, da\u00f1inos, difamatorios o que violen los derechos de terceros. Tambi\u00e9n nos reservamos el derecho de cancelar las cuentas de usuario que no cumplan con los t\u00e9rminos de uso.<\/p>\n\n\n\n<h2 class=\"wp-block-heading\">Secci\u00f3n IX \u2013 Actualizaci\u00f3n de Condiciones y T\u00e9rminos <\/h2>\n\n\n\n<p>Nos reservamos el derecho de suspender o cambiar cualquier servicio en cualquier momento. Estos cambios pueden realizarse sin previo aviso a los usuarios. Los usuarios pueden consultar la \u00faltima versi\u00f3n de estos T\u00e9rminos de uso en cualquier momento en <a href=\"https:\/\/mileagevoyager.com\/es\/terms\/\">https:\/\/mileagevoyager.com\/terms\/<\/a>Dichos cambios no imponen obligaciones retroactivas a Mileage Voyager.<\/p>\n\n\n\n<p><strong>Al utilizar el sitio web de Mileage Voyager, usted acepta estos T\u00e9rminos y condiciones de uso. Si no est\u00e1 de acuerdo con ellos, no utilice el sitio.<\/strong><\/p>\n\n\n\n<p>Secci\u00f3n X \u2013 Medios de contacto <\/p>\n\n\n\n<p>Siempre estamos disponibles para ayudarle. Si tiene preguntas o sugerencias sobre nuestros servicios, p\u00f3ngase en contacto con nuestro equipo de atenci\u00f3n al cliente. Puede enviar su mensaje a trav\u00e9s del formulario disponible en <a href=\"https:\/\/mileagevoyager.com\/es\/contact\/\">https:\/\/mileagevoyager.com\/contact\/<\/a>.<\/p>","protected":false},"excerpt":{"rendered":"<p>Actualizado el 8 de julio de 2024. Mileage Voyager es un sitio web especializado en contenido relacionado con viajes, que proporciona informaci\u00f3n detallada y an\u00e1lisis sobre una variedad de productos y servicios (como boletos, aplicaciones, agencias de viajes, entre otros). Cuando utilizamos los t\u00e9rminos &quot;nosotros&quot;, &quot;nos&quot; y &quot;nuestro&quot; en estos T\u00e9rminos de uso, nos referimos a Mileage Voyager. Estos T\u00e9rminos de uso [\u2026]<\/p>","protected":false},"author":20,"featured_media":0,"parent":0,"menu_order":0,"comment_status":"closed","ping_status":"closed","template":"page-nosidebar.php","meta":{"footnotes":""},"yoast_head":"<!-- This site is optimized with the Yoast SEO plugin v23.3 - https:\/\/yoast.com\/wordpress\/plugins\/seo\/ -->\n<title>Terms of Use - Mileage Voyager<\/title>\n<meta name=\"robots\" content=\"index, follow, max-snippet:-1, max-image-preview:large, max-video-preview:-1\" \/>\n<link rel=\"canonical\" href=\"https:\/\/mileagevoyager.com\/es\/terms\/\" \/>\n<meta property=\"og:locale\" content=\"es_MX\" \/>\n<meta property=\"og:type\" content=\"article\" \/>\n<meta property=\"og:title\" content=\"Terms of Use - Mileage Voyager\" \/>\n<meta property=\"og:description\" content=\"Updated on July 8, 2024. Mileage Voyager is a website specializing in travel-related content, providing detailed information and analyses on a variety of products and services (such as tickets, apps, travel agencies, among others). When we use the terms \u2018we&#8217;, \u2018us&#8217;, and \u2018our&#8217; in these Terms of Use, we refer to Mileage Voyager. These Terms [&hellip;]\" \/>\n<meta property=\"og:url\" content=\"https:\/\/mileagevoyager.com\/es\/terms\/\" \/>\n<meta property=\"og:site_name\" content=\"Mileage Voyager\" \/>\n<meta property=\"article:modified_time\" content=\"2025-09-05T14:43:12+00:00\" \/>\n<meta name=\"twitter:card\" content=\"summary_large_image\" \/>\n<meta name=\"twitter:label1\" content=\"Est. reading time\" \/>\n\t<meta name=\"twitter:data1\" content=\"5 minutos\" \/>\n<script type=\"application\/ld+json\" class=\"yoast-schema-graph\">{\"@context\":\"https:\/\/schema.org\",\"@graph\":[{\"@type\":\"WebPage\",\"@id\":\"https:\/\/mileagevoyager.com\/terms\/\",\"url\":\"https:\/\/mileagevoyager.com\/terms\/\",\"name\":\"Terms of Use - Mileage Voyager\",\"isPartOf\":{\"@id\":\"http:\/\/mileagevoyager.com\/#website\"},\"datePublished\":\"2024-07-08T21:32:26+00:00\",\"dateModified\":\"2025-09-05T14:43:12+00:00\",\"breadcrumb\":{\"@id\":\"https:\/\/mileagevoyager.com\/terms\/#breadcrumb\"},\"inLanguage\":\"es-MX\",\"potentialAction\":[{\"@type\":\"ReadAction\",\"target\":[\"https:\/\/mileagevoyager.com\/terms\/\"]}]},{\"@type\":\"BreadcrumbList\",\"@id\":\"https:\/\/mileagevoyager.com\/terms\/#breadcrumb\",\"itemListElement\":[{\"@type\":\"ListItem\",\"position\":1,\"name\":\"Home\",\"item\":\"http:\/\/mileagevoyager.com\/\"},{\"@type\":\"ListItem\",\"position\":2,\"name\":\"Terms of Use\"}]},{\"@type\":\"WebSite\",\"@id\":\"http:\/\/mileagevoyager.com\/#website\",\"url\":\"http:\/\/mileagevoyager.com\/\",\"name\":\"Mileage Voyager\",\"description\":\"Mileage Voyager\",\"potentialAction\":[{\"@type\":\"SearchAction\",\"target\":{\"@type\":\"EntryPoint\",\"urlTemplate\":\"http:\/\/mileagevoyager.com\/?s={search_term_string}\"},\"query-input\":\"required name=search_term_string\"}],\"inLanguage\":\"es-MX\"}]}<\/script>\n<!-- \/ Yoast SEO plugin. -->","yoast_head_json":{"title":"Terms of Use - Mileage Voyager","robots":{"index":"index","follow":"follow","max-snippet":"max-snippet:-1","max-image-preview":"max-image-preview:large","max-video-preview":"max-video-preview:-1"},"canonical":"https:\/\/mileagevoyager.com\/es\/terms\/","og_locale":"es_MX","og_type":"article","og_title":"Terms of Use - Mileage Voyager","og_description":"Updated on July 8, 2024. Mileage Voyager is a website specializing in travel-related content, providing detailed information and analyses on a variety of products and services (such as tickets, apps, travel agencies, among others). When we use the terms \u2018we&#8217;, \u2018us&#8217;, and \u2018our&#8217; in these Terms of Use, we refer to Mileage Voyager. These Terms [&hellip;]","og_url":"https:\/\/mileagevoyager.com\/es\/terms\/","og_site_name":"Mileage Voyager","article_modified_time":"2025-09-05T14:43:12+00:00","twitter_card":"summary_large_image","twitter_misc":{"Est. reading time":"5 minutos"},"schema":{"@context":"https:\/\/schema.org","@graph":[{"@type":"WebPage","@id":"https:\/\/mileagevoyager.com\/terms\/","url":"https:\/\/mileagevoyager.com\/terms\/","name":"Terms of Use - Mileage Voyager","isPartOf":{"@id":"http:\/\/mileagevoyager.com\/#website"},"datePublished":"2024-07-08T21:32:26+00:00","dateModified":"2025-09-05T14:43:12+00:00","breadcrumb":{"@id":"https:\/\/mileagevoyager.com\/terms\/#breadcrumb"},"inLanguage":"es-MX","potentialAction":[{"@type":"ReadAction","target":["https:\/\/mileagevoyager.com\/terms\/"]}]},{"@type":"BreadcrumbList","@id":"https:\/\/mileagevoyager.com\/terms\/#breadcrumb","itemListElement":[{"@type":"ListItem","position":1,"name":"Home","item":"http:\/\/mileagevoyager.com\/"},{"@type":"ListItem","position":2,"name":"Terms of Use"}]},{"@type":"WebSite","@id":"http:\/\/mileagevoyager.com\/#website","url":"http:\/\/mileagevoyager.com\/","name":"Mileage Voyager","description":"Mileage Voyager","potentialAction":[{"@type":"SearchAction","target":{"@type":"EntryPoint","urlTemplate":"http:\/\/mileagevoyager.com\/?s={search_term_string}"},"query-input":"required name=search_term_string"}],"inLanguage":"es-MX"}]}},"_links":{"self":[{"href":"https:\/\/mileagevoyager.com\/es\/wp-json\/wp\/v2\/pages\/262"}],"collection":[{"href":"https:\/\/mileagevoyager.com\/es\/wp-json\/wp\/v2\/pages"}],"about":[{"href":"https:\/\/mileagevoyager.com\/es\/wp-json\/wp\/v2\/types\/page"}],"author":[{"embeddable":true,"href":"https:\/\/mileagevoyager.com\/es\/wp-json\/wp\/v2\/users\/20"}],"replies":[{"embeddable":true,"href":"https:\/\/mileagevoyager.com\/es\/wp-json\/wp\/v2\/comments?post=262"}],"version-history":[{"count":13,"href":"https:\/\/mileagevoyager.com\/es\/wp-json\/wp\/v2\/pages\/262\/revisions"}],"predecessor-version":[{"id":1082,"href":"https:\/\/mileagevoyager.com\/es\/wp-json\/wp\/v2\/pages\/262\/revisions\/1082"}],"wp:attachment":[{"href":"https:\/\/mileagevoyager.com\/es\/wp-json\/wp\/v2\/media?parent=262"}],"curies":[{"name":"wp","href":"https:\/\/api.w.org\/{rel}","templated":true}]}}