{"id":272,"date":"2024-07-08T21:38:02","date_gmt":"2024-07-08T21:38:02","guid":{"rendered":"https:\/\/mileagevoyager.com\/?page_id=272"},"modified":"2024-11-01T18:15:33","modified_gmt":"2024-11-01T18:15:33","slug":"about","status":"publish","type":"page","link":"https:\/\/mileagevoyager.com\/es\/about\/","title":{"rendered":"Acerca de"},"content":{"rendered":"<h2 class=\"wp-block-heading\">\u00bfQu\u00e9 te gustar\u00eda descubrir hoy?<\/h2>\n\n\n\n<p>En Mileage Voyager, estamos aqu\u00ed para ayudarte a explorar el mundo de los viajes de forma inteligente y econ\u00f3mica. Queremos que aproveches al m\u00e1ximo tus aventuras descubriendo nuevos destinos, aprovechando ofertas exclusivas y aprendiendo consejos valiosos para optimizar cada viaje. Creemos que una buena preparaci\u00f3n y la informaci\u00f3n \u00fatil son los secretos para realizar viajes inolvidables y gratificantes.<\/p>\n\n\n\n<h2 class=\"wp-block-heading\" id=\"h-who-we-are\">Quienes somos<\/h2>\n\n\n\n<p>Mileage Voyager es una plataforma dedicada a proporcionar contenido de viajes de calidad. Nuestra misi\u00f3n es ofrecer consejos pr\u00e1cticos sobre d\u00f3nde encontrar las mejores ofertas, c\u00f3mo ahorrar dinero durante sus viajes y qu\u00e9 destinos vale la pena visitar. Queremos ser su compa\u00f1ero constante en la b\u00fasqueda de experiencias de viaje enriquecedoras.<\/p>\n\n\n\n<h2 class=\"wp-block-heading\" id=\"h-help-us-improve\">Ay\u00fadanos a mejorar<\/h2>\n\n\n\n<p>Tus sugerencias son siempre bienvenidas. No dudes en enviarnos una. <a href=\"https:\/\/mileagevoyager.com\/es\/contact\/\">mensaje <\/a>\u00a1y comparte tus ideas!<\/p>","protected":false},"excerpt":{"rendered":"<p>\u00bfQu\u00e9 te gustar\u00eda descubrir hoy? En Mileage Voyager estamos aqu\u00ed para ayudarte a explorar el mundo de los viajes de forma inteligente y econ\u00f3mica. Queremos que aproveches al m\u00e1ximo tus aventuras descubriendo nuevos destinos, aprovechando ofertas exclusivas y aprendiendo consejos valiosos para optimizar cada viaje. Creemos que una buena preparaci\u00f3n [\u2026]<\/p>","protected":false},"author":20,"featured_media":0,"parent":0,"menu_order":0,"comment_status":"closed","ping_status":"closed","template":"page-nosidebar.php","meta":{"footnotes":""},"yoast_head":"<!-- This site is optimized with the Yoast SEO plugin v23.3 - https:\/\/yoast.com\/wordpress\/plugins\/seo\/ -->\n<title>About - Mileage Voyager<\/title>\n<meta name=\"robots\" content=\"index, follow, max-snippet:-1, max-image-preview:large, max-video-preview:-1\" \/>\n<link rel=\"canonical\" href=\"https:\/\/mileagevoyager.com\/es\/about\/\" \/>\n<meta property=\"og:locale\" content=\"es_MX\" \/>\n<meta property=\"og:type\" content=\"article\" \/>\n<meta property=\"og:title\" content=\"About - Mileage Voyager\" \/>\n<meta property=\"og:description\" content=\"What would you like to discover today? At Mileage Voyager, we&#8217;re here to help you explore the world of travel smartly and economically. We want you to make the most of your adventures by discovering new destinations, taking advantage of exclusive offers, and learning valuable tips to optimize each journey. We believe that good preparation [&hellip;]\" \/>\n<meta property=\"og:url\" content=\"https:\/\/mileagevoyager.com\/es\/about\/\" \/>\n<meta property=\"og:site_name\" content=\"Mileage Voyager\" \/>\n<meta property=\"article:modified_time\" content=\"2024-11-01T18:15:33+00:00\" \/>\n<meta name=\"twitter:card\" content=\"summary_large_image\" \/>\n<meta name=\"twitter:label1\" content=\"Est. reading time\" \/>\n\t<meta name=\"twitter:data1\" content=\"1 minuto\" \/>\n<script type=\"application\/ld+json\" class=\"yoast-schema-graph\">{\"@context\":\"https:\/\/schema.org\",\"@graph\":[{\"@type\":\"WebPage\",\"@id\":\"https:\/\/mileagevoyager.com\/about\/\",\"url\":\"https:\/\/mileagevoyager.com\/about\/\",\"name\":\"About - Mileage Voyager\",\"isPartOf\":{\"@id\":\"http:\/\/mileagevoyager.com\/#website\"},\"datePublished\":\"2024-07-08T21:38:02+00:00\",\"dateModified\":\"2024-11-01T18:15:33+00:00\",\"breadcrumb\":{\"@id\":\"https:\/\/mileagevoyager.com\/about\/#breadcrumb\"},\"inLanguage\":\"es-MX\",\"potentialAction\":[{\"@type\":\"ReadAction\",\"target\":[\"https:\/\/mileagevoyager.com\/about\/\"]}]},{\"@type\":\"BreadcrumbList\",\"@id\":\"https:\/\/mileagevoyager.com\/about\/#breadcrumb\",\"itemListElement\":[{\"@type\":\"ListItem\",\"position\":1,\"name\":\"Home\",\"item\":\"http:\/\/mileagevoyager.com\/\"},{\"@type\":\"ListItem\",\"position\":2,\"name\":\"About\"}]},{\"@type\":\"WebSite\",\"@id\":\"http:\/\/mileagevoyager.com\/#website\",\"url\":\"http:\/\/mileagevoyager.com\/\",\"name\":\"Mileage Voyager\",\"description\":\"Mileage Voyager\",\"potentialAction\":[{\"@type\":\"SearchAction\",\"target\":{\"@type\":\"EntryPoint\",\"urlTemplate\":\"http:\/\/mileagevoyager.com\/?s={search_term_string}\"},\"query-input\":\"required name=search_term_string\"}],\"inLanguage\":\"es-MX\"}]}<\/script>\n<!-- \/ Yoast SEO plugin. -->","yoast_head_json":{"title":"About - Mileage Voyager","robots":{"index":"index","follow":"follow","max-snippet":"max-snippet:-1","max-image-preview":"max-image-preview:large","max-video-preview":"max-video-preview:-1"},"canonical":"https:\/\/mileagevoyager.com\/es\/about\/","og_locale":"es_MX","og_type":"article","og_title":"About - Mileage Voyager","og_description":"What would you like to discover today? At Mileage Voyager, we&#8217;re here to help you explore the world of travel smartly and economically. We want you to make the most of your adventures by discovering new destinations, taking advantage of exclusive offers, and learning valuable tips to optimize each journey. We believe that good preparation [&hellip;]","og_url":"https:\/\/mileagevoyager.com\/es\/about\/","og_site_name":"Mileage Voyager","article_modified_time":"2024-11-01T18:15:33+00:00","twitter_card":"summary_large_image","twitter_misc":{"Est. reading time":"1 minuto"},"schema":{"@context":"https:\/\/schema.org","@graph":[{"@type":"WebPage","@id":"https:\/\/mileagevoyager.com\/about\/","url":"https:\/\/mileagevoyager.com\/about\/","name":"About - Mileage Voyager","isPartOf":{"@id":"http:\/\/mileagevoyager.com\/#website"},"datePublished":"2024-07-08T21:38:02+00:00","dateModified":"2024-11-01T18:15:33+00:00","breadcrumb":{"@id":"https:\/\/mileagevoyager.com\/about\/#breadcrumb"},"inLanguage":"es-MX","potentialAction":[{"@type":"ReadAction","target":["https:\/\/mileagevoyager.com\/about\/"]}]},{"@type":"BreadcrumbList","@id":"https:\/\/mileagevoyager.com\/about\/#breadcrumb","itemListElement":[{"@type":"ListItem","position":1,"name":"Home","item":"http:\/\/mileagevoyager.com\/"},{"@type":"ListItem","position":2,"name":"About"}]},{"@type":"WebSite","@id":"http:\/\/mileagevoyager.com\/#website","url":"http:\/\/mileagevoyager.com\/","name":"Mileage Voyager","description":"Mileage Voyager","potentialAction":[{"@type":"SearchAction","target":{"@type":"EntryPoint","urlTemplate":"http:\/\/mileagevoyager.com\/?s={search_term_string}"},"query-input":"required name=search_term_string"}],"inLanguage":"es-MX"}]}},"_links":{"self":[{"href":"https:\/\/mileagevoyager.com\/es\/wp-json\/wp\/v2\/pages\/272"}],"collection":[{"href":"https:\/\/mileagevoyager.com\/es\/wp-json\/wp\/v2\/pages"}],"about":[{"href":"https:\/\/mileagevoyager.com\/es\/wp-json\/wp\/v2\/types\/page"}],"author":[{"embeddable":true,"href":"https:\/\/mileagevoyager.com\/es\/wp-json\/wp\/v2\/users\/20"}],"replies":[{"embeddable":true,"href":"https:\/\/mileagevoyager.com\/es\/wp-json\/wp\/v2\/comments?post=272"}],"version-history":[{"count":3,"href":"https:\/\/mileagevoyager.com\/es\/wp-json\/wp\/v2\/pages\/272\/revisions"}],"predecessor-version":[{"id":275,"href":"https:\/\/mileagevoyager.com\/es\/wp-json\/wp\/v2\/pages\/272\/revisions\/275"}],"wp:attachment":[{"href":"https:\/\/mileagevoyager.com\/es\/wp-json\/wp\/v2\/media?parent=272"}],"curies":[{"name":"wp","href":"https:\/\/api.w.org\/{rel}","templated":true}]}}