{"id":272,"date":"2024-07-08T21:38:02","date_gmt":"2024-07-08T21:38:02","guid":{"rendered":"https:\/\/mileagevoyager.com\/?page_id=272"},"modified":"2024-11-01T18:15:33","modified_gmt":"2024-11-01T18:15:33","slug":"about","status":"publish","type":"page","link":"https:\/\/mileagevoyager.com\/pt\/about\/","title":{"rendered":"Sobre"},"content":{"rendered":"<h2 class=\"wp-block-heading\">O que voc\u00ea gostaria de descobrir hoje?<\/h2>\n\n\n\n<p>Na Mileage Voyager, estamos aqui para ajudar voc\u00ea a explorar o mundo das viagens de forma inteligente e econ\u00f4mica. Queremos que voc\u00ea aproveite ao m\u00e1ximo suas aventuras descobrindo novos destinos, aproveitando ofertas exclusivas e aprendendo dicas valiosas para otimizar cada jornada. Acreditamos que uma boa prepara\u00e7\u00e3o e informa\u00e7\u00f5es \u00fateis s\u00e3o os segredos para viagens inesquec\u00edveis e gratificantes.<\/p>\n\n\n\n<h2 class=\"wp-block-heading\" id=\"h-who-we-are\">Quem somos<\/h2>\n\n\n\n<p>Mileage Voyager \u00e9 uma plataforma dedicada a fornecer conte\u00fado de viagem de qualidade. Nossa miss\u00e3o \u00e9 oferecer dicas pr\u00e1ticas e conselhos sobre onde encontrar as melhores ofertas, como economizar dinheiro durante suas viagens e quais destinos valem a pena visitar. Queremos ser seu companheiro constante na busca por experi\u00eancias de viagem enriquecedoras.<\/p>\n\n\n\n<h2 class=\"wp-block-heading\" id=\"h-help-us-improve\">Ajude-nos a melhorar<\/h2>\n\n\n\n<p>Suas sugest\u00f5es s\u00e3o sempre bem-vindas. Sinta-se \u00e0 vontade para nos enviar uma <a href=\"https:\/\/mileagevoyager.com\/pt\/contact\/\">mensagem <\/a>e compartilhe suas ideias!<\/p>","protected":false},"excerpt":{"rendered":"<p>O que voc\u00ea gostaria de descobrir hoje? Na Mileage Voyager, estamos aqui para ajudar voc\u00ea a explorar o mundo das viagens de forma inteligente e econ\u00f4mica. Queremos que voc\u00ea aproveite ao m\u00e1ximo suas aventuras descobrindo novos destinos, aproveitando ofertas exclusivas e aprendendo dicas valiosas para otimizar cada jornada. Acreditamos que uma boa prepara\u00e7\u00e3o [\u2026]<\/p>","protected":false},"author":20,"featured_media":0,"parent":0,"menu_order":0,"comment_status":"closed","ping_status":"closed","template":"page-nosidebar.php","meta":{"footnotes":""},"yoast_head":"<!-- This site is optimized with the Yoast SEO plugin v23.3 - https:\/\/yoast.com\/wordpress\/plugins\/seo\/ -->\n<title>About - Mileage Voyager<\/title>\n<meta name=\"robots\" content=\"index, follow, max-snippet:-1, max-image-preview:large, max-video-preview:-1\" \/>\n<link rel=\"canonical\" href=\"https:\/\/mileagevoyager.com\/pt\/about\/\" \/>\n<meta property=\"og:locale\" content=\"pt_BR\" \/>\n<meta property=\"og:type\" content=\"article\" \/>\n<meta property=\"og:title\" content=\"About - Mileage Voyager\" \/>\n<meta property=\"og:description\" content=\"What would you like to discover today? At Mileage Voyager, we&#8217;re here to help you explore the world of travel smartly and economically. We want you to make the most of your adventures by discovering new destinations, taking advantage of exclusive offers, and learning valuable tips to optimize each journey. We believe that good preparation [&hellip;]\" \/>\n<meta property=\"og:url\" content=\"https:\/\/mileagevoyager.com\/pt\/about\/\" \/>\n<meta property=\"og:site_name\" content=\"Mileage Voyager\" \/>\n<meta property=\"article:modified_time\" content=\"2024-11-01T18:15:33+00:00\" \/>\n<meta name=\"twitter:card\" content=\"summary_large_image\" \/>\n<meta name=\"twitter:label1\" content=\"Est. reading time\" \/>\n\t<meta name=\"twitter:data1\" content=\"1 minuto\" \/>\n<script type=\"application\/ld+json\" class=\"yoast-schema-graph\">{\"@context\":\"https:\/\/schema.org\",\"@graph\":[{\"@type\":\"WebPage\",\"@id\":\"https:\/\/mileagevoyager.com\/about\/\",\"url\":\"https:\/\/mileagevoyager.com\/about\/\",\"name\":\"About - Mileage Voyager\",\"isPartOf\":{\"@id\":\"http:\/\/mileagevoyager.com\/#website\"},\"datePublished\":\"2024-07-08T21:38:02+00:00\",\"dateModified\":\"2024-11-01T18:15:33+00:00\",\"breadcrumb\":{\"@id\":\"https:\/\/mileagevoyager.com\/about\/#breadcrumb\"},\"inLanguage\":\"pt-BR\",\"potentialAction\":[{\"@type\":\"ReadAction\",\"target\":[\"https:\/\/mileagevoyager.com\/about\/\"]}]},{\"@type\":\"BreadcrumbList\",\"@id\":\"https:\/\/mileagevoyager.com\/about\/#breadcrumb\",\"itemListElement\":[{\"@type\":\"ListItem\",\"position\":1,\"name\":\"Home\",\"item\":\"http:\/\/mileagevoyager.com\/\"},{\"@type\":\"ListItem\",\"position\":2,\"name\":\"About\"}]},{\"@type\":\"WebSite\",\"@id\":\"http:\/\/mileagevoyager.com\/#website\",\"url\":\"http:\/\/mileagevoyager.com\/\",\"name\":\"Mileage Voyager\",\"description\":\"Mileage Voyager\",\"potentialAction\":[{\"@type\":\"SearchAction\",\"target\":{\"@type\":\"EntryPoint\",\"urlTemplate\":\"http:\/\/mileagevoyager.com\/?s={search_term_string}\"},\"query-input\":\"required name=search_term_string\"}],\"inLanguage\":\"pt-BR\"}]}<\/script>\n<!-- \/ Yoast SEO plugin. -->","yoast_head_json":{"title":"About - Mileage Voyager","robots":{"index":"index","follow":"follow","max-snippet":"max-snippet:-1","max-image-preview":"max-image-preview:large","max-video-preview":"max-video-preview:-1"},"canonical":"https:\/\/mileagevoyager.com\/pt\/about\/","og_locale":"pt_BR","og_type":"article","og_title":"About - Mileage Voyager","og_description":"What would you like to discover today? At Mileage Voyager, we&#8217;re here to help you explore the world of travel smartly and economically. We want you to make the most of your adventures by discovering new destinations, taking advantage of exclusive offers, and learning valuable tips to optimize each journey. We believe that good preparation [&hellip;]","og_url":"https:\/\/mileagevoyager.com\/pt\/about\/","og_site_name":"Mileage Voyager","article_modified_time":"2024-11-01T18:15:33+00:00","twitter_card":"summary_large_image","twitter_misc":{"Est. reading time":"1 minuto"},"schema":{"@context":"https:\/\/schema.org","@graph":[{"@type":"WebPage","@id":"https:\/\/mileagevoyager.com\/about\/","url":"https:\/\/mileagevoyager.com\/about\/","name":"About - Mileage Voyager","isPartOf":{"@id":"http:\/\/mileagevoyager.com\/#website"},"datePublished":"2024-07-08T21:38:02+00:00","dateModified":"2024-11-01T18:15:33+00:00","breadcrumb":{"@id":"https:\/\/mileagevoyager.com\/about\/#breadcrumb"},"inLanguage":"pt-BR","potentialAction":[{"@type":"ReadAction","target":["https:\/\/mileagevoyager.com\/about\/"]}]},{"@type":"BreadcrumbList","@id":"https:\/\/mileagevoyager.com\/about\/#breadcrumb","itemListElement":[{"@type":"ListItem","position":1,"name":"Home","item":"http:\/\/mileagevoyager.com\/"},{"@type":"ListItem","position":2,"name":"About"}]},{"@type":"WebSite","@id":"http:\/\/mileagevoyager.com\/#website","url":"http:\/\/mileagevoyager.com\/","name":"Mileage Voyager","description":"Mileage Voyager","potentialAction":[{"@type":"SearchAction","target":{"@type":"EntryPoint","urlTemplate":"http:\/\/mileagevoyager.com\/?s={search_term_string}"},"query-input":"required name=search_term_string"}],"inLanguage":"pt-BR"}]}},"_links":{"self":[{"href":"https:\/\/mileagevoyager.com\/pt\/wp-json\/wp\/v2\/pages\/272"}],"collection":[{"href":"https:\/\/mileagevoyager.com\/pt\/wp-json\/wp\/v2\/pages"}],"about":[{"href":"https:\/\/mileagevoyager.com\/pt\/wp-json\/wp\/v2\/types\/page"}],"author":[{"embeddable":true,"href":"https:\/\/mileagevoyager.com\/pt\/wp-json\/wp\/v2\/users\/20"}],"replies":[{"embeddable":true,"href":"https:\/\/mileagevoyager.com\/pt\/wp-json\/wp\/v2\/comments?post=272"}],"version-history":[{"count":3,"href":"https:\/\/mileagevoyager.com\/pt\/wp-json\/wp\/v2\/pages\/272\/revisions"}],"predecessor-version":[{"id":275,"href":"https:\/\/mileagevoyager.com\/pt\/wp-json\/wp\/v2\/pages\/272\/revisions\/275"}],"wp:attachment":[{"href":"https:\/\/mileagevoyager.com\/pt\/wp-json\/wp\/v2\/media?parent=272"}],"curies":[{"name":"wp","href":"https:\/\/api.w.org\/{rel}","templated":true}]}}